{"id":85,"date":"2020-03-22T13:07:20","date_gmt":"2020-03-22T12:07:20","guid":{"rendered":"http:\/\/ordineu.e115840.easyhosting.at\/?page_id=85"},"modified":"2025-06-30T15:28:57","modified_gmt":"2025-06-30T13:28:57","slug":"impressum","status":"publish","type":"page","link":"https:\/\/schilddruese-noe.at\/?page_id=85","title":{"rendered":"Impressum"},"content":{"rendered":"\n<h3 class=\"wp-block-heading\">Impressum:<\/h3>\n\n\n\n<p> f\u00fcr den Inhalt verantwortlich:<br>Dr. Waltraud Pfleger<br>Herrengasse 20<br>3511 Furth bei G\u00f6ttweig<br>+43 2732 93072<\/p>\n\n\n\n<p>Webdesign:<br>Ing. Oskar Scherer auf Basis von WordPress und dem Theme Spacious von ThemeGrill<\/p>\n\n\n\n<p><a href=\"mailto:praxis@schilddruese-noe.at\">Kontakt<\/a><br><strong><br>Nutzungsrechte<\/strong><br>Copyright \u00a9 2020. Alle Rechte vorbehalten.<br>Die Urheberrechte der Inhalte dieser Webseite liegen vollst\u00e4ndig bei Dr. Waltraud Pfleger und Ing. Oskar Scherer. Informationen auf dieser Website, einschlie\u00dflich Texten, Bildern und Sound, d\u00fcrfen nicht, sofern nicht ausdr\u00fccklich anders bestimmt, vervielf\u00e4ltigt, transferiert, vertrieben oder gespeichert werden ohne schriftliche Genehmigung des Herausgebers. Modifikationen des Inhalts dieser Website sind ausdr\u00fccklich untersagt.<br><strong>Haftungshinweis<\/strong><br>S\u00e4mtliche Texte auf dieser Homepage wurden sorgf\u00e4ltig gepr\u00fcft. Ungeachtet dessen kann keine Garantie f\u00fcr die Richtigkeit, Vollst\u00e4ndigkeit und Aktualit\u00e4t der Angaben \u00fcbernommen werden. Eine Haftung&nbsp; wird daher ausgeschlossen.<br>Alle Angaben k\u00f6nnen ohne vorherige Ank\u00fcndigung erg\u00e4nzt, entfernt oder ge\u00e4ndert werden. Au\u00dferdem liegt es nicht in unserer Verantwortung, Vorsichtsma\u00dfnahmen zu ergreifen gegen destruktive Programme oder Programmteile wie Viren, Worms, Trojanische Pferde o.\u00e4., die auf Webservern liegen, die m\u00f6glicherweise durch Links von unserer Website aus erreicht werden.<br><strong>Externe &nbsp;Links<\/strong><br>Die Links zu anderen Webseiten wurden sorgf\u00e4ltig ausgew\u00e4hlt. Da wir auf deren Inhalt keinen Einfluss haben, \u00fcbernehmen wir daf\u00fcr keine Verantwortung.&nbsp;Hiermit distanzieren wir uns ausdr\u00fccklich von allen Inhalten aller gelinkten Seiten auf unserer Homepage und machen uns diese Inhalte nicht zu eigen. Diese Erkl\u00e4rung gilt f\u00fcr alle in diesem Projekt (auf dieser Website) angebrachten Links. <\/p>\n","protected":false},"excerpt":{"rendered":"<p>Impressum: f\u00fcr den Inhalt verantwortlich:Dr. Waltraud PflegerHerrengasse 203511 Furth bei G\u00f6ttweig+43 2732 93072 Webdesign:Ing. Oskar Scherer auf Basis von WordPress und dem Theme Spacious von ThemeGrill KontaktNutzungsrechteCopyright \u00a9 2020. Alle Rechte vorbehalten.Die Urheberrechte der Inhalte dieser Webseite liegen vollst\u00e4ndig bei<\/p>\n","protected":false},"author":1,"featured_media":0,"parent":0,"menu_order":0,"comment_status":"closed","ping_status":"closed","template":"","meta":{"footnotes":""},"class_list":["post-85","page","type-page","status-publish","hentry"],"_links":{"self":[{"href":"https:\/\/schilddruese-noe.at\/index.php?rest_route=\/wp\/v2\/pages\/85","targetHints":{"allow":["GET"]}}],"collection":[{"href":"https:\/\/schilddruese-noe.at\/index.php?rest_route=\/wp\/v2\/pages"}],"about":[{"href":"https:\/\/schilddruese-noe.at\/index.php?rest_route=\/wp\/v2\/types\/page"}],"author":[{"embeddable":true,"href":"https:\/\/schilddruese-noe.at\/index.php?rest_route=\/wp\/v2\/users\/1"}],"replies":[{"embeddable":true,"href":"https:\/\/schilddruese-noe.at\/index.php?rest_route=%2Fwp%2Fv2%2Fcomments&post=85"}],"version-history":[{"count":5,"href":"https:\/\/schilddruese-noe.at\/index.php?rest_route=\/wp\/v2\/pages\/85\/revisions"}],"predecessor-version":[{"id":195,"href":"https:\/\/schilddruese-noe.at\/index.php?rest_route=\/wp\/v2\/pages\/85\/revisions\/195"}],"wp:attachment":[{"href":"https:\/\/schilddruese-noe.at\/index.php?rest_route=%2Fwp%2Fv2%2Fmedia&parent=85"}],"curies":[{"name":"wp","href":"https:\/\/api.w.org\/{rel}","templated":true}]}}