{"id":88,"date":"2020-03-22T13:08:54","date_gmt":"2020-03-22T12:08:54","guid":{"rendered":"http:\/\/ordineu.e115840.easyhosting.at\/?page_id=88"},"modified":"2022-08-17T20:17:03","modified_gmt":"2022-08-17T18:17:03","slug":"fragen","status":"publish","type":"page","link":"https:\/\/schilddruese-noe.at\/?page_id=88","title":{"rendered":"Fragen"},"content":{"rendered":"\n<h4 class=\"wp-block-heading\">Was soll ich alles mitbringen?<\/h4>\n\n\n\n<p class=\"has-very-light-gray-background-color has-background\">Bitte nehmen Sie alle, die Schilddr\u00fcse betreffenden Vorbefunde und Ihre Krankenversicherungsdaten (<em>Sozialversicherungsnummer<\/em>) mit.<br><\/p>\n\n\n\n<h4 class=\"wp-block-heading\">Brauche ich eine \u00dcberweisung vom Hausarzt?<\/h4>\n\n\n\n<p class=\"has-very-light-gray-background-color has-background\">Da ich keine Direktverrechnung mit den Kassen habe, eigentlich nein. Eine beigelegte \u00dcberweisung erh\u00f6ht allerdings manchmal den Betrag, den Sie von Ihrer Krankenkasse zur\u00fcckbekommen.<br><\/p>\n\n\n\n<h4 class=\"wp-block-heading\">Wann sind die Ordinationszeiten?<\/h4>\n\n\n\n<p class=\"has-very-light-gray-background-color has-background\">Wir sind zwar zu den angegebenen Ordinationzeiten in der&nbsp;Ordination anwesend, ersuchen Sie aber in jedem Fall um eine vorherige Terminvereinbarung.&nbsp;Sollten Sie uns nicht erreichen, hinterlassen Sie bitte unbedingt Ihre Telefonnummer auf dem Anrufbeantworter, damit wir Sie zur\u00fcckrufen k\u00f6nnen. Bei Terminanfragen via eMail bitten wir Sie zus\u00e4tzlich um Angabe des&nbsp;einer Telefonnummer unter der Sie w\u00e4hrend der&nbsp;Ordinationszeiten erreichbar sind.<br><\/p>\n\n\n\n<h4 class=\"wp-block-heading\">Wie lange sind die Wartezeiten bzw. wie viel Zeit muss ich einplanen?<\/h4>\n\n\n\n<p class=\"has-very-light-gray-background-color has-background\">Bitte Termine rechtzeitig vereinbaren, da wir bei einer Wartezeit f\u00fcr Standardtermine bei 3-4 Monaten sind.&nbsp;Durch eine m\u00f6glichst genaue Terminvergabe betr\u00e4gt die Wartezeit in der Ordination meist nur  wenige Minuten. Die Ordination selbst dauert je nach Fragestellung 15 bis 45 Minuten.<\/p>\n\n\n\n<h4 class=\"wp-block-heading\">Was ist das Wahlarztsystem?<\/h4>\n\n\n\n<p class=\"has-very-light-gray-background-color has-background\">Der Besuch in meiner Ordination erfolgt auf Wahlarztbasis &#8211; d.h. Sie m\u00fcssen das Honorar direkt begleichen ( <em>bar oder Bankomat <\/em>) und k\u00f6nnen die Honorarnote anschlie\u00dfend bei Ihrer Kasse zur R\u00fcckverg\u00fctung einreichen.<br>(<em>Die einzelnen Kassen gew\u00e4hren sehr unterschiedliche Refundierungen.<\/em>)<\/p>\n\n\n\n<h4 class=\"wp-block-heading\">Wozu dient die ultraschallgezielte Feinnadelpunktion?<\/h4>\n\n\n\n<p class=\"has-very-light-gray-background-color has-background\">Bei der ultraschallgezielten Feinnadelpunktion der Schilddr\u00fcse werden kleinste Gewebeproben entnommen und zur zytologischen Untersuchung eingeschickt. Es dient zum Nachweis von&nbsp; Zellver\u00e4nderungen. Ein unauff\u00e4lliger Befund kann jedoch Malignit\u00e4t nicht ausschlie\u00dfen.<\/p>\n\n\n\n<h4 class=\"wp-block-heading\">Gibt es Immunreaktionen gibt es nach Infektionen oder Impfungen?<\/h4>\n\n\n\n<p class=\"has-very-light-gray-background-color has-background\">Impfungen, wie auch jede Infektion f\u00fchren zu einer Stimulation des Immunsystems und k\u00f6nnen zu einem Anstieg von Antik\u00f6rpern jedweder Art f\u00fchren.<br><br><strong><em>Das kann auch die Schilddr\u00fcse betreffen<\/em>:<\/strong>  Anstieg von TRAK= TSH stimulierende AK= f\u00fchren zu einer \u00dcberfunktion. Das kann auch bei vorbestehender Unterfunktion der Fall sein.<br>Dieser Effekt ist bekannt, betrifft aber nur einen sehr kleinen Teil von SD-Unterfunktionspatienten. Daher ist kein allgemeiner Hinweis m\u00f6glich.&nbsp;<br>&nbsp;&nbsp;<br><strong><em>Aber f\u00fcr Betroffene hei\u00dft das:<\/em><\/strong> Blutkontrollen (TSH, fT4, fT3 TRAK, MAK\/TPO-AK, TAK) in kurzen Abst\u00e4nden (2- max.3 Monate) bis TRAK wieder normal, und auch 4 Wochen nach jeder weiteren Impfung oder Covid-Infektion.<br><\/p>\n","protected":false},"excerpt":{"rendered":"<p>Was soll ich alles mitbringen? Bitte nehmen Sie alle, die Schilddr\u00fcse betreffenden Vorbefunde und Ihre Krankenversicherungsdaten (Sozialversicherungsnummer) mit. Brauche ich eine \u00dcberweisung vom Hausarzt? Da ich keine Direktverrechnung mit den Kassen habe, eigentlich nein. Eine beigelegte \u00dcberweisung erh\u00f6ht allerdings manchmal<\/p>\n","protected":false},"author":1,"featured_media":0,"parent":0,"menu_order":0,"comment_status":"closed","ping_status":"closed","template":"","meta":{"footnotes":""},"class_list":["post-88","page","type-page","status-publish","hentry"],"_links":{"self":[{"href":"https:\/\/schilddruese-noe.at\/index.php?rest_route=\/wp\/v2\/pages\/88","targetHints":{"allow":["GET"]}}],"collection":[{"href":"https:\/\/schilddruese-noe.at\/index.php?rest_route=\/wp\/v2\/pages"}],"about":[{"href":"https:\/\/schilddruese-noe.at\/index.php?rest_route=\/wp\/v2\/types\/page"}],"author":[{"embeddable":true,"href":"https:\/\/schilddruese-noe.at\/index.php?rest_route=\/wp\/v2\/users\/1"}],"replies":[{"embeddable":true,"href":"https:\/\/schilddruese-noe.at\/index.php?rest_route=%2Fwp%2Fv2%2Fcomments&post=88"}],"version-history":[{"count":4,"href":"https:\/\/schilddruese-noe.at\/index.php?rest_route=\/wp\/v2\/pages\/88\/revisions"}],"predecessor-version":[{"id":192,"href":"https:\/\/schilddruese-noe.at\/index.php?rest_route=\/wp\/v2\/pages\/88\/revisions\/192"}],"wp:attachment":[{"href":"https:\/\/schilddruese-noe.at\/index.php?rest_route=%2Fwp%2Fv2%2Fmedia&parent=88"}],"curies":[{"name":"wp","href":"https:\/\/api.w.org\/{rel}","templated":true}]}}